{"id":979,"date":"2023-09-15T14:24:22","date_gmt":"2023-09-15T11:24:22","guid":{"rendered":"https:\/\/debasm.ro\/littlelit\/?page_id=979"},"modified":"2026-04-16T19:06:29","modified_gmt":"2026-04-16T16:06:29","slug":"expozitie","status":"publish","type":"page","link":"https:\/\/debasm.ro\/littlelit\/expozitie\/","title":{"rendered":"Expozi\u021bie"},"content":{"rendered":"<p><div class=\"fusion-fullwidth fullwidth-box fusion-builder-row-1 has-pattern-background has-mask-background fusion-parallax-none nonhundred-percent-fullwidth non-hundred-percent-height-scrolling lazyload\" style=\"--awb-background-position:center top;--awb-background-blend-mode:overlay;--awb-border-sizes-top:0px;--awb-border-sizes-bottom:0px;--awb-border-sizes-left:0px;--awb-border-sizes-right:0px;--awb-border-radius-top-left:0px;--awb-border-radius-top-right:0px;--awb-border-radius-bottom-right:0px;--awb-border-radius-bottom-left:0px;--awb-padding-top:0px;--awb-padding-bottom:240px;--awb-background-color:rgba(32,32,32,0.25);--awb-background-size:cover;--awb-flex-wrap:wrap;\" data-bg=\"https:\/\/debasm.ro\/littlelit\/wp-content\/uploads\/2026\/04\/PlayLIT_Pattern.jpg\" ><div class=\"fusion-builder-row fusion-row\"><div class=\"fusion-layout-column fusion_builder_column fusion-builder-column-0 fusion_builder_column_1_1 1_1 fusion-one-full fusion-column-first fusion-column-last\" style=\"--awb-bg-size:cover;\"><div class=\"fusion-column-wrapper fusion-column-has-shadow fusion-flex-column-wrapper-legacy\"><div class=\"fusion-text fusion-text-1\"><h2 style=\"text-align: center; color: #ffffff;\">EXPOZI\u021aIE<\/h2>\n<\/div><div class=\"fusion-clearfix\"><\/div><\/div><\/div><\/div><\/div><div class=\"fusion-fullwidth fullwidth-box fusion-builder-row-2 nonhundred-percent-fullwidth non-hundred-percent-height-scrolling\" style=\"--awb-border-radius-top-left:0px;--awb-border-radius-top-right:0px;--awb-border-radius-bottom-right:0px;--awb-border-radius-bottom-left:0px;--awb-flex-wrap:wrap;\" ><div class=\"fusion-builder-row fusion-row\"><div class=\"fusion-layout-column fusion_builder_column fusion-builder-column-1 fusion_builder_column_1_1 1_1 fusion-one-full fusion-column-first fusion-column-last\" style=\"--awb-bg-size:cover;\"><div class=\"fusion-column-wrapper fusion-column-has-shadow fusion-flex-column-wrapper-legacy\"><div class=\"fusion-text fusion-text-2\"><p style=\"text-align: center;\">Atelierele de dramatizare din prima parte a proiectului (aprilie 2026) vor oferi copiilor o experien\u021b\u0103 creativ\u0103 \u0219i interactiv\u0103 de explorare a emo\u021biilor, imagina\u021biei \u0219i propriei identit\u0103\u021bi \u0219i se vor \u00eencheia cu o expozi\u021bie colectiv\u0103 la Teatrul pentru copii \u0219i tineret COLIBRI, care va valoriza vocea fiec\u0103rui copil \u0219i va transforma experien\u021ba artistic\u0103 \u00eentr-un demers de afirmare personal\u0103.<\/p>\n<p style=\"text-align: center;\"><strong>Detalii \u00een cur\u00e2nd!<\/strong><\/p>\n<\/div><div class=\"fusion-text fusion-text-3\"><\/div><div class=\"fusion-clearfix\"><\/div><\/div><\/div><\/div><\/div><\/p>\n","protected":false},"excerpt":{"rendered":"","protected":false},"author":1,"featured_media":726,"parent":0,"menu_order":0,"comment_status":"closed","ping_status":"closed","template":"100-width.php","meta":{"footnotes":""},"_links":{"self":[{"href":"https:\/\/debasm.ro\/littlelit\/wp-json\/wp\/v2\/pages\/979"}],"collection":[{"href":"https:\/\/debasm.ro\/littlelit\/wp-json\/wp\/v2\/pages"}],"about":[{"href":"https:\/\/debasm.ro\/littlelit\/wp-json\/wp\/v2\/types\/page"}],"author":[{"embeddable":true,"href":"https:\/\/debasm.ro\/littlelit\/wp-json\/wp\/v2\/users\/1"}],"replies":[{"embeddable":true,"href":"https:\/\/debasm.ro\/littlelit\/wp-json\/wp\/v2\/comments?post=979"}],"version-history":[{"count":16,"href":"https:\/\/debasm.ro\/littlelit\/wp-json\/wp\/v2\/pages\/979\/revisions"}],"predecessor-version":[{"id":1252,"href":"https:\/\/debasm.ro\/littlelit\/wp-json\/wp\/v2\/pages\/979\/revisions\/1252"}],"wp:featuredmedia":[{"embeddable":true,"href":"https:\/\/debasm.ro\/littlelit\/wp-json\/wp\/v2\/media\/726"}],"wp:attachment":[{"href":"https:\/\/debasm.ro\/littlelit\/wp-json\/wp\/v2\/media?parent=979"}],"curies":[{"name":"wp","href":"https:\/\/api.w.org\/{rel}","templated":true}]}}